




{"id":580,"date":"2025-11-06T21:35:49","date_gmt":"2025-11-06T21:35:49","guid":{"rendered":"https:\/\/www.richs.com.my\/?page_id=580"},"modified":"2025-11-06T21:37:23","modified_gmt":"2025-11-06T21:37:23","slug":"halal-certificates","status":"publish","type":"page","link":"https:\/\/www.richs.com.my\/en\/halal-certificates\/","title":{"rendered":"HALAL CERTIFICATES"},"content":{"rendered":"<section class=\"block hero\" >\n    \n        <div class=\"background hero-style-default height-default\" style=\"background-image:url(https:\/\/www.richs.com.my\/wp-content\/uploads\/2025\/11\/32692b5a2abf35eeaa1d8d20b46dab39f2ba2354.png);\">\n                <div class=\"overlay gradient\" style=\"opacity: 0.35;\"><\/div>\n        <div class=\"container\">\n            <div class=\"flex\">\n                <div class=\"content\">\n                                                                <h1 class=\"title lang_vi_font lang_en_font center padding-default\">CAM K\u1ebeT <br> CH\u1ea4T L\u01af\u1ee2NG<\/h1>\n                                                                                                <\/div>\n                <!--CTA BUTTON START-->\n                                <!--CTA BUTTON END-->\n            <\/div>\n        <\/div>\n    <\/div>\n        \n<\/section>\n\n\n<section class=\"block text-with-image default-padding\" id=\"\">\n        <div class=\"container\" id=\"text-with-image\">\n        <!-- flex-row -->\n        <div class=\"flex  content-wrapper image-position-right image-size-default\">\n            <div class=\"image-container\" id=\"image-container\">\n                <img decoding=\"async\" class=\"h-100 w-100\" src=\"https:\/\/www.richs.com.my\/wp-content\/uploads\/2025\/11\/880fd5d743e7dfa896fe224b18a5dacbe7443a3a.png\" alt=\"\" \/>\n            <\/div> \n\n            <div class=\"text-container size-container-image-text\">\n                                    <h2 class=\"block-title lang_vi_font lang_en_font\">CHU\u1ea8N CH\u1ea4T L\u01af\u1ee2NG <br> TR\u1eccN NI\u1ec0M TIN<\/h2>\n                                <div class=\"text lang_vi_font lang_en_font text-with-image2\"><p>Ch\u00fang t\u00f4i y\u00eau \u1ea9m th\u1ef1c, v\u00e0 ni\u1ec1m \u0111am m\u00ea \u1ea5y kh\u00f4ng ch\u1ec9 d\u1eebng l\u1ea1i \u1edf h\u01b0\u01a1ng v\u1ecb m\u00e0 c\u00f2n th\u1ec3 hi\u1ec7n qua cam k\u1ebft mang \u0111\u1ebfn nh\u1eefng s\u1ea3n ph\u1ea9m an to\u00e0n, l\u00e0nh m\u1ea1nh v\u00e0 \u0111\u00e1ng tin c\u1eady. L\u00e0 m\u1ed9t c\u00f4ng ty gia \u0111\u00ecnh, ch\u00fang t\u00f4i tr\u00e2n tr\u1ecdng kh\u00e1ch h\u00e0ng, nh\u00e2n s\u1ef1 v\u00e0 c\u1ed9ng \u0111\u1ed3ng nh\u01b0 ch\u00ednh ng\u01b0\u1eddi th\u00e2n, v\u1edbi nh\u1eefng s\u1ea3n ph\u1ea9m m\u00e0 ch\u00fang t\u00f4i ho\u00e0n to\u00e0n t\u1ef1 tin s\u1eed d\u1ee5ng cho gia \u0111\u00ecnh m\u00ecnh.<\/p>\n<p>Ni\u1ec1m tin n\u00e0y \u0111\u01b0\u1ee3c x\u00e2y d\u1ef1ng t\u1eeb vi\u1ec7c tu\u00e2n th\u1ee7 nghi\u00eam ng\u1eb7t c\u00e1c ti\u00eau chu\u1ea9n an to\u00e0n th\u1ef1c ph\u1ea9m, theo h\u1ec7 th\u1ed1ng FSSC 22000, \u0111\u01b0\u1ee3c GFSI c\u00f4ng nh\u1eadn v\u00e0 d\u1ef1a tr\u00ean c\u00e1c chu\u1ea9n m\u1ef1c ISO.<\/p>\n<p>\u0110\u1ed9i ng\u0169 nh\u00e2n s\u1ef1 c\u1ee7a ch\u00fang t\u00f4i kh\u00f4ng ng\u1eebng n\u1ed7 l\u1ef1c gi\u00e1m s\u00e1t c\u01a1 s\u1edf s\u1ea3n xu\u1ea5t, \u0111\u1ea3m b\u1ea3o tu\u00e2n th\u1ee7 nh\u1eefng ti\u00eau chu\u1ea9n cao nh\u1ea5t v\u1ec1 ch\u1ea5t l\u01b0\u1ee3ng v\u00e0 an to\u00e0n th\u1ef1c ph\u1ea9m trong m\u1ecdi th\u1eddi \u0111i\u1ec3m.<\/p>\n<\/div>\n                            <\/div>\n        <\/div>\n    <\/div>\n<\/section>\n\n\n<section class=\"block certificate-cards default-padding\" >\n    \n<div id=\"certificate-cards\" class=\"container\">\n            <div>\n                            <div class=\"container-image-cc\">\n                    <img decoding=\"async\" src=\"https:\/\/www.richs.com.my\/wp-content\/uploads\/2025\/11\/Thumb_FSSC-logo.jpg\" alt=\"\" \/>\n                <\/div> \n            \n                            <h1 class=\"lang_vi_font lang_en_font\" style=\"color:\">FSSC 22000<\/h1>\n            \n                            <p class=\"lang_vi_font lang_en_font\" style=\"color:\">FSSC 22000 l\u00e0 h\u1ec7 th\u1ed1ng ch\u1ee9ng nh\u1eadn an to\u00e0n th\u1ef1c ph\u1ea9m d\u1ef1a tr\u00ean ti\u00eau chu\u1ea9n ISO v\u00e0 \u0111\u01b0\u1ee3c c\u00f4ng nh\u1eadn b\u1edfi t\u1ed5 ch\u1ee9c S\u00e1ng ki\u1ebfn An to\u00e0n Th\u1ef1c ph\u1ea9m To\u00e0n c\u1ea7u (GFSI).<\/p>\n            \n                            <a href=\"https:\/\/bynder.onerichs.com\/m\/1e26fa0ddbc9e51c\/original\/2-Rich-Product-FSSC-22000-V6-Version-Tieng-Viet.pdf\" target=\"\" class=\"lang_vi_font lang_en_font space-certificate-cards\">T\u1ea3i File<\/a>\n                    <\/div>\n            <div>\n                            <div class=\"container-image-cc\">\n                    <img decoding=\"async\" src=\"https:\/\/www.richs.com.my\/wp-content\/uploads\/2025\/11\/mark-of-trust-certified-FSSC22000-black-logo-En-GB-1224.jpg\" alt=\"\" \/>\n                <\/div> \n            \n                            <h1 class=\"lang_vi_font lang_en_font\" style=\"color:\">HACCP &amp; GMP<\/h1>\n            \n                            <p class=\"lang_vi_font lang_en_font\" style=\"color:\">H\u1ec7 th\u1ed1ng Ph\u00e2n t\u00edch m\u1ed1i nguy v\u00e0 Ki\u1ec3m so\u00e1t t\u1edbi h\u1ea1n (HACCP) v\u00e0 Th\u1ef1c h\u00e0nh s\u1ea3n xu\u1ea5t t\u1ed1t (GMP).<\/p>\n            \n                            <a href=\"https:\/\/bynder.onerichs.com\/m\/178310c5907aa516\/original\/3-Rich-Product-HACCP-Version-English.pdf\" target=\"\" class=\"lang_vi_font lang_en_font space-certificate-cards\">T\u1ea3i File<\/a>\n                    <\/div>\n            <div>\n                            <div class=\"container-image-cc\">\n                    <img decoding=\"async\" src=\"https:\/\/www.richs.com.my\/wp-content\/uploads\/2025\/11\/Logo-chung-nhan-HALAL-HCA-Vietnam.jpg\" alt=\"\" \/>\n                <\/div> \n            \n                            <h1 class=\"lang_vi_font lang_en_font\" style=\"color:\">Halal HCA\/Jakim<\/h1>\n            \n                            <p class=\"lang_vi_font lang_en_font\" style=\"color:\">Ch\u1ee9ng nh\u1eadn th\u1ef1c ph\u1ea9m Halal cho ng\u01b0\u1eddi H\u1ed3i gi\u00e1o \u0111\u01b0\u1ee3c c\u00f4ng nh\u1eadn b\u1edfi HCA Viet Nam cho c\u00e1c s\u1ea3n ph\u1ea9m c\u1ee7a Rich\u2019s.<\/p>\n            \n                            <a href=\"https:\/\/bynder.onerichs.com\/m\/318454e5b586f6cc\/original\/2-RICH-PRODUCTS-VIETNAM-CO-LTD-2025-by-JAKIM.pdf\" target=\"\" class=\"lang_vi_font lang_en_font space-certificate-cards\">T\u1ea3i File<\/a>\n                    <\/div>\n            <div>\n                            <div class=\"container-image-cc\">\n                    <img decoding=\"async\" src=\"https:\/\/www.richs.com.my\/wp-content\/uploads\/2025\/11\/logojakim.png\" alt=\"\" \/>\n                <\/div> \n            \n                            <h1 class=\"lang_vi_font lang_en_font\" style=\"color:\">Halal Jakim (Malaysia)<\/h1>\n            \n                            <p class=\"lang_vi_font lang_en_font\" style=\"color:\">Ch\u1ee9ng nh\u1eadn th\u1ef1c ph\u1ea9m Halal cho ng\u01b0\u1eddi H\u1ed3i gi\u00e1o \u0111\u01b0\u1ee3c ch\u1ee9ng nh\u1eadn b\u1edfi Jakim Malaysia cho m\u1ed9t s\u1ed1 s\u1ea3n ph\u1ea9m c\u1ee7a Rich\u2019s xu\u1ea5t kh\u1ea9u sang th\u1ecb tr\u01b0\u1eddng Malaysia.<\/p>\n            \n                            <a href=\"https:\/\/bynder.onerichs.com\/m\/4328254864e8b771\/original\/3-Halal-Jakim-Expiry-June-2027.pdf\" target=\"\" class=\"lang_vi_font lang_en_font space-certificate-cards\">T\u1ea3i File<\/a>\n                    <\/div>\n            <div>\n                            <div class=\"container-image-cc\">\n                    <img decoding=\"async\" src=\"https:\/\/www.richs.com.my\/wp-content\/uploads\/2025\/11\/Thumb_FSSC-logo.jpg\" alt=\"\" \/>\n                <\/div> \n            \n                            <h1 class=\"lang_vi_font lang_en_font\" style=\"color:\">Halal Jakim (Malaysia)<\/h1>\n            \n                            <p class=\"lang_vi_font lang_en_font\" style=\"color:\">Ch\u1ee9ng nh\u1eadn th\u1ef1c ph\u1ea9m Halal cho ng\u01b0\u1eddi H\u1ed3i gi\u00e1o \u0111\u01b0\u1ee3c ch\u1ee9ng nh\u1eadn b\u1edfi Jakim Malaysia cho m\u1ed9t s\u1ed1 s\u1ea3n ph\u1ea9m c\u1ee7a Rich\u2019s xu\u1ea5t kh\u1ea9u sang th\u1ecb tr\u01b0\u1eddng Malaysia.<\/p>\n            \n                            <a href=\"#\" target=\"\" class=\"lang_vi_font lang_en_font space-certificate-cards\">Learn More<\/a>\n                    <\/div>\n    <\/div>\n<div class=\"d-flex justify-content-end align-items-center container mt-3\">\n    <button id=\"prev-c-card\" class=\"slider-btn-three prev-btn-three me-3\"><\/button>\n    <button id=\"next-c-card\" class=\"slider-btn-three next-btn-three\"><\/button>\n<\/div> \n\n<script>\ndocument.addEventListener(\"DOMContentLoaded\", function () {\n    const container = document.getElementById(\"certificate-cards\");\n    const prevBtn = document.getElementById(\"prev-c-card\");\n    const nextBtn = document.getElementById(\"next-c-card\");\n\n    \/\/ ancho del card + gap (ajusta si necesitas)\n    const scrollAmount = 232 + 55; \n\n    prevBtn.addEventListener(\"click\", () => {\n        container.scrollBy({\n            left: -scrollAmount,\n            behavior: \"smooth\"\n        });\n    });\n\n    nextBtn.addEventListener(\"click\", () => {\n        container.scrollBy({\n            left: scrollAmount,\n            behavior: \"smooth\"\n        });\n    });\n});\n<\/script>\n<\/section>\n\n\n<section class=\"block slidertwo-n default-padding\" >\n    <div class=\"slider_two\">\n        <h1 class=\"lang_vi_font lang_en_font\">what would you like to do next?<\/h1>\n \n    <div class=\"slider-container-two\">\n        <div class=\"slider_two_t justify-content-start justify-content-md-center py-5\">\n                            <a href=\"https:\/\/www.richs.com.my\/en\/product-category\/\" target=\"_self\" class=\"slider-card-two\">\n                    <p class=\"lang_vi_font lang_en_font\">Explore Our Products<\/p>\n                    <div class=\"two_content\" href=\"\/product-category\/\" id=\"btn_n\"><img decoding=\"async\" src=\"https:\/\/www.richs.com.my\/wp-content\/themes\/richs.com-wordpress-theme\/assets\/dist\/images-reskin\/white-arrow-icon.png\" alt=\"\" id=\"icon_btn\"><\/div><div class=\"btn_n_mobile\" style=\"display:none;\" href=\"\/product-category\/\" ><img decoding=\"async\" src=\"https:\/\/www.richs.com.my\/wp-content\/themes\/richs.com-wordpress-theme\/assets\/dist\/images-reskin\/arrow-red-derecha.svg\" alt=\"\" id=\"icon_btn\"><\/div>                <\/a>\n                            <a href=\"https:\/\/www.richs.com.my\/en\/#\" target=\"_self\" class=\"slider-card-two center-card\">\n                    <p class=\"lang_vi_font lang_en_font\">Get in Touch<\/p>\n                    <div class=\"two_content\" href=\"\/#\" id=\"btn_n\"><img decoding=\"async\" src=\"https:\/\/www.richs.com.my\/wp-content\/themes\/richs.com-wordpress-theme\/assets\/dist\/images-reskin\/white-arrow-icon.png\" alt=\"\" id=\"icon_btn\"><\/div><div class=\"btn_n_mobile\" style=\"display:none;\" href=\"\/#\" ><img decoding=\"async\" src=\"https:\/\/www.richs.com.my\/wp-content\/themes\/richs.com-wordpress-theme\/assets\/dist\/images-reskin\/arrow-red-derecha.svg\" alt=\"\" id=\"icon_btn\"><\/div>                <\/a>\n                            <a href=\"https:\/\/www.richs.com.my\/en\/#\" target=\"_self\" class=\"slider-card-two\">\n                    <p class=\"lang_vi_font lang_en_font\">View Our Recipes<\/p>\n                    <div class=\"two_content\" href=\"\/#\" id=\"btn_n\"><img decoding=\"async\" src=\"https:\/\/www.richs.com.my\/wp-content\/themes\/richs.com-wordpress-theme\/assets\/dist\/images-reskin\/white-arrow-icon.png\" alt=\"\" id=\"icon_btn\"><\/div><div class=\"btn_n_mobile\" style=\"display:none;\" href=\"\/#\" ><img decoding=\"async\" src=\"https:\/\/www.richs.com.my\/wp-content\/themes\/richs.com-wordpress-theme\/assets\/dist\/images-reskin\/arrow-red-derecha.svg\" alt=\"\" id=\"icon_btn\"><\/div>                <\/a>\n              \n        <\/div>\n    <\/div>\n    <div class=\"controls_btn\">\n        <div class=\"control_btn\">\n            <button class=\"slider-btn-two prev-btn-two\"><\/button>\n            <button class=\"slider-btn-two next-btn-two\"><\/button>\n        <\/div>\n    <\/div>\n<\/div>\n\n<script>\n    document.addEventListener('DOMContentLoaded', function () {\n        const sliders = document.querySelectorAll('.slider_two');\n\n        sliders.forEach(sliderBlock => {\n            const sliderTrack = sliderBlock.querySelector('.slider_two_t');\n            const prevBtn = sliderBlock.querySelector('.prev-btn-two');\n            const nextBtn = sliderBlock.querySelector('.next-btn-two');\n\n            const scrollAmount = 288;\n\n            nextBtn.addEventListener('click', () => {\n            sliderTrack.scrollBy({\n                left: scrollAmount,\n                behavior: 'smooth'\n            });\n            });\n\n            prevBtn.addEventListener('click', () => {\n            sliderTrack.scrollBy({\n                left: -scrollAmount,\n                behavior: 'smooth'\n            });\n            });\n        });\n    });\n<\/script><\/section>","protected":false},"excerpt":{"rendered":"","protected":false},"author":2,"featured_media":0,"parent":0,"menu_order":0,"comment_status":"closed","ping_status":"closed","template":"","meta":{"footnotes":""},"class_list":["post-580","page","type-page","status-publish","hentry"],"acf":[],"yoast_head":"<!-- This site is optimized with the Yoast SEO plugin v23.4 - https:\/\/yoast.com\/wordpress\/plugins\/seo\/ -->\n<title>HALAL CERTIFICATES - Richs Malaysia<\/title>\n<meta name=\"robots\" content=\"index, follow, max-snippet:-1, max-image-preview:large, max-video-preview:-1\" \/>\n<link rel=\"canonical\" href=\"https:\/\/www.richs.com.my\/en\/halal-certificates\/\" \/>\n<meta property=\"og:locale\" content=\"en_US\" \/>\n<meta property=\"og:type\" content=\"article\" \/>\n<meta property=\"og:title\" content=\"HALAL CERTIFICATES - Richs Malaysia\" \/>\n<meta property=\"og:url\" content=\"https:\/\/www.richs.com.my\/en\/halal-certificates\/\" \/>\n<meta property=\"og:site_name\" content=\"Richs Malaysia\" \/>\n<meta property=\"article:modified_time\" content=\"2025-11-06T21:37:23+00:00\" \/>\n<meta name=\"twitter:card\" content=\"summary_large_image\" \/>\n<script type=\"application\/ld+json\" class=\"yoast-schema-graph\">{\"@context\":\"https:\/\/schema.org\",\"@graph\":[{\"@type\":\"WebPage\",\"@id\":\"https:\/\/www.richs.com.my\/en\/halal-certificates\/\",\"url\":\"https:\/\/www.richs.com.my\/en\/halal-certificates\/\",\"name\":\"HALAL CERTIFICATES - Richs Malaysia\",\"isPartOf\":{\"@id\":\"https:\/\/www.richs.com.my\/en\/#website\"},\"datePublished\":\"2025-11-06T21:35:49+00:00\",\"dateModified\":\"2025-11-06T21:37:23+00:00\",\"breadcrumb\":{\"@id\":\"https:\/\/www.richs.com.my\/en\/halal-certificates\/#breadcrumb\"},\"inLanguage\":\"en-US\",\"potentialAction\":[{\"@type\":\"ReadAction\",\"target\":[\"https:\/\/www.richs.com.my\/en\/halal-certificates\/\"]}]},{\"@type\":\"BreadcrumbList\",\"@id\":\"https:\/\/www.richs.com.my\/en\/halal-certificates\/#breadcrumb\",\"itemListElement\":[{\"@type\":\"ListItem\",\"position\":1,\"name\":\"Home\",\"item\":\"https:\/\/www.richs.com.my\/en\/\"},{\"@type\":\"ListItem\",\"position\":2,\"name\":\"HALAL CERTIFICATES\"}]},{\"@type\":\"WebSite\",\"@id\":\"https:\/\/www.richs.com.my\/en\/#website\",\"url\":\"https:\/\/www.richs.com.my\/en\/\",\"name\":\"Richs Malaysia\",\"description\":\"\",\"potentialAction\":[{\"@type\":\"SearchAction\",\"target\":{\"@type\":\"EntryPoint\",\"urlTemplate\":\"https:\/\/www.richs.com.my\/en\/?s={search_term_string}\"},\"query-input\":{\"@type\":\"PropertyValueSpecification\",\"valueRequired\":true,\"valueName\":\"search_term_string\"}}],\"inLanguage\":\"en-US\"}]}<\/script>\n<!-- \/ Yoast SEO plugin. -->","yoast_head_json":{"title":"HALAL CERTIFICATES - Richs Malaysia","robots":{"index":"index","follow":"follow","max-snippet":"max-snippet:-1","max-image-preview":"max-image-preview:large","max-video-preview":"max-video-preview:-1"},"canonical":"https:\/\/www.richs.com.my\/en\/halal-certificates\/","og_locale":"en_US","og_type":"article","og_title":"HALAL CERTIFICATES - Richs Malaysia","og_url":"https:\/\/www.richs.com.my\/en\/halal-certificates\/","og_site_name":"Richs Malaysia","article_modified_time":"2025-11-06T21:37:23+00:00","twitter_card":"summary_large_image","schema":{"@context":"https:\/\/schema.org","@graph":[{"@type":"WebPage","@id":"https:\/\/www.richs.com.my\/en\/halal-certificates\/","url":"https:\/\/www.richs.com.my\/en\/halal-certificates\/","name":"HALAL CERTIFICATES - Richs Malaysia","isPartOf":{"@id":"https:\/\/www.richs.com.my\/en\/#website"},"datePublished":"2025-11-06T21:35:49+00:00","dateModified":"2025-11-06T21:37:23+00:00","breadcrumb":{"@id":"https:\/\/www.richs.com.my\/en\/halal-certificates\/#breadcrumb"},"inLanguage":"en-US","potentialAction":[{"@type":"ReadAction","target":["https:\/\/www.richs.com.my\/en\/halal-certificates\/"]}]},{"@type":"BreadcrumbList","@id":"https:\/\/www.richs.com.my\/en\/halal-certificates\/#breadcrumb","itemListElement":[{"@type":"ListItem","position":1,"name":"Home","item":"https:\/\/www.richs.com.my\/en\/"},{"@type":"ListItem","position":2,"name":"HALAL CERTIFICATES"}]},{"@type":"WebSite","@id":"https:\/\/www.richs.com.my\/en\/#website","url":"https:\/\/www.richs.com.my\/en\/","name":"Richs Malaysia","description":"","potentialAction":[{"@type":"SearchAction","target":{"@type":"EntryPoint","urlTemplate":"https:\/\/www.richs.com.my\/en\/?s={search_term_string}"},"query-input":{"@type":"PropertyValueSpecification","valueRequired":true,"valueName":"search_term_string"}}],"inLanguage":"en-US"}]}},"_links":{"self":[{"href":"https:\/\/www.richs.com.my\/en\/wp-json\/wp\/v2\/pages\/580","targetHints":{"allow":["GET"]}}],"collection":[{"href":"https:\/\/www.richs.com.my\/en\/wp-json\/wp\/v2\/pages"}],"about":[{"href":"https:\/\/www.richs.com.my\/en\/wp-json\/wp\/v2\/types\/page"}],"author":[{"embeddable":true,"href":"https:\/\/www.richs.com.my\/en\/wp-json\/wp\/v2\/users\/2"}],"replies":[{"embeddable":true,"href":"https:\/\/www.richs.com.my\/en\/wp-json\/wp\/v2\/comments?post=580"}],"version-history":[{"count":6,"href":"https:\/\/www.richs.com.my\/en\/wp-json\/wp\/v2\/pages\/580\/revisions"}],"predecessor-version":[{"id":592,"href":"https:\/\/www.richs.com.my\/en\/wp-json\/wp\/v2\/pages\/580\/revisions\/592"}],"wp:attachment":[{"href":"https:\/\/www.richs.com.my\/en\/wp-json\/wp\/v2\/media?parent=580"}],"curies":[{"name":"wp","href":"https:\/\/api.w.org\/{rel}","templated":true}]}}